{"id":1727,"date":"2019-01-30T16:32:58","date_gmt":"2019-01-30T16:32:58","guid":{"rendered":"https:\/\/areco.org.es\/politica-de-privacidad\/"},"modified":"2021-03-16T17:04:08","modified_gmt":"2021-03-16T17:04:08","slug":"privacy-policy","status":"publish","type":"page","link":"https:\/\/areco.org.es\/en\/privacy-policy\/","title":{"rendered":"Privacy Policy"},"content":{"rendered":"<section class=\"wpb-content-wrapper\"><p>[vc_row][vc_column][vc_row_inner][vc_column_inner][vc_column_text]<\/p>\n<h3>Pol\u00edtica de privacidad<\/h3>\n<p>[\/vc_column_text][vc_empty_space hide_on_mobile=&#8221;&#8221;][\/vc_column_inner][\/vc_row_inner][vc_column_text]<\/p>\n<div class=\"avisoLegal\">\n<p><strong>1) DATOS IDENTIFICATIVOS:<\/strong> En cumplimiento con el deber de informaci\u00f3n recogido en art\u00edculo 10 de la Ley 34\/2002, de 11 de julio, de Servicios de la Sociedad de la Informaci\u00f3n y del Comercio Electr\u00f3nico, a continuaci\u00f3n se reflejan los siguientes datos: La entidad titular de areco.org.es (en adelante, el Site) es ASOCIACI\u00d3N DEOPERADORES LOG\u00cdSTICOS DE ELEMENTOS REUTILIZABLES ECOSOSTENIBLES (ARECO), con domicilio en Avda. Pa\u00eds Valenciano, 55, 3, 6 \u2013 46900 Torrent (Valencia), con n\u00famero de C.I.F: G98266729. El contacto del usuario con la asociaci\u00f3n se podr\u00e1 realizar por correo ordinario a la direcci\u00f3n de la sede social de la asociaci\u00f3n o a trav\u00e9s de la siguiente direcci\u00f3n de correo electr\u00f3nico: comunicacion@areco.org.es.<\/p>\n<p><strong>2) USUARIOS:<\/strong> El acceso y\/o uso de los portales de ARECO atribuye la condici\u00f3n de USUARIO, que acepta, desde dicho acceso y\/o uso, las Condiciones Generales de Uso aqu\u00ed reflejadas.<\/p>\n<p><strong>3) USO DEL PORTAL:<\/strong> el Site de ARECO proporciona el acceso a multitud de informaciones, servicios, programas o datos (en adelante, &#8220;los contenidos&#8221;) en Internet pertenecientes a ARECO o a sus ASOCIADOS, a los que el USUARIO puede tener acceso. El USUARIO asume la responsabilidad del uso del Site. Dicha responsabilidad se extiende al registro que fuese necesario para acceder a determinados servicios o contenidos. En dicho registro el USUARIO ser\u00e1 responsable de aportar informaci\u00f3n veraz y l\u00edcita. Como consecuencia de este registro, al USUARIO se le puede proporcionar una contrase\u00f1a de la que ser\u00e1 responsable, comprometi\u00e9ndose a hacer un uso diligente y confidencial de la misma. El USUARIO se compromete a hacer un uso adecuado de los contenidos y servicios (como por ejemplo, foros de discusi\u00f3n o grupos de noticias) que ARECO ofrezca o pudiera ofrecer a trav\u00e9s de su Site y con car\u00e1cter enunciativo pero no limitativo, a no emplearlos para (i) incurrir en actividades il\u00edcitas, ilegales o contrarias a la buena fe y al orden p\u00fablico; (ii) difundir contenidos o propaganda de car\u00e1cter racista, xen\u00f3fobo, pornogr\u00e1fico-ilegal, de apolog\u00eda del terrorismo o atentatorio contra los derechos humanos; (iii) provocar da\u00f1os en los sistemas f\u00edsicos y l\u00f3gicos de ARECO, de sus ASOCIADOS, proveedores, clientes, o de terceras personas f\u00edsicas o jur\u00eddicas, introducir o difundir en la red virus inform\u00e1ticos o cualesquiera otros sistemas f\u00edsicos o l\u00f3gicos que sean susceptibles de provocar los da\u00f1os anteriormente mencionados; (iv) intentar acceder y, en su caso, utilizar las cuentas de correo electr\u00f3nico de otros usuarios y modificar o manipular sus mensajes. ARECO se reserva el derecho de retirar todos aquellos comentarios y aportaciones que vulneren el respeto a la dignidad de la persona, que sean contrarios a la ley, o que, a su juicio, no resultaran adecuados para su publicaci\u00f3n. En cualquier caso, ARECO no ser\u00e1 responsable de las opiniones vertidas por los usuarios a trav\u00e9s de los foros, u otras herramientas de participaci\u00f3n.<\/p>\n<p><strong>4) PROTECCI\u00d3N DE DATOS:<\/strong> ARECO cumple con las directrices de la Ley Org\u00e1nica 15\/1999 de 13 de diciembre de Protecci\u00f3n de Datos de Car\u00e1cter Personal, el Real Decreto 1720\/2007 de 21 de diciembre por el que se aprueba el Reglamento de desarrollo de la Ley Org\u00e1nica y dem\u00e1s normativa vigente en cada momento, y vela por garantizar un correcto uso y tratamiento de los datos personales del usuario. Para ello, junto a cada formulario de recabo de datos de car\u00e1cter personal, en los servicios que el USUARIO pueda solicitar a ARECO, har\u00e1 saber al USUARIO de la existencia y aceptaci\u00f3n de las condiciones particulares del tratamiento de sus datos en cada caso, inform\u00e1ndole de la responsabilidad del fichero creado, la direcci\u00f3n del responsable, la posibilidad de ejercer sus derechos de acceso, rectificaci\u00f3n, cancelaci\u00f3n u oposici\u00f3n, la finalidad del tratamiento y las comunicaciones de datos a terceros en su caso. Asimismo, ARECO informa que da cumplimiento a la Ley 34\/2002 de 11 de julio, de Servicios de la Sociedad de la Informaci\u00f3n y el Comercio Electr\u00f3nico y le solicitar\u00e1 su consentimiento al tratamiento de su correo electr\u00f3nico.<\/p>\n<p><strong>5) PROPIEDAD INTELECTUAL E INDUSTRIAL:<\/strong> ARECO por s\u00ed o como cesionaria o licenciataria en virtud de consentimiento emitido por sus ASOCIADOS, es propietaria de todos los derechos de propiedad intelectual e industrial de sus p\u00e1ginas webs, as\u00ed como de los elementos contenidos en ellas (a t\u00edtulo enunciativo, im\u00e1genes, sonido, audio, v\u00eddeo, software o textos; marcas o logotipos, combinaciones de colores, estructura y dise\u00f1o, selecci\u00f3n de materiales usados, programas de ordenador necesarios para su funcionamiento, acceso y uso, etc.), titularidad de ARECO o bien de sus asociados o licenciantes. Todos los derechos reservados. En virtud de lo dispuesto en los art\u00edculos 8 y 32.1, p\u00e1rrafo segundo, de la Ley de Propiedad Intelectual, quedan expresamente prohibidas la reproducci\u00f3n, la distribuci\u00f3n y la comunicaci\u00f3n p\u00fablica, incluida su modalidad de puesta a disposici\u00f3n, de la totalidad o parte de los contenidos de esta p\u00e1gina web, con fines comerciales, en cualquier soporte y por cualquier medio t\u00e9cnico, sin la autorizaci\u00f3n de ARECO. El USUARIO se compromete a respetar los derechos de Propiedad Intelectual e Industrial titularidad de ARECO. Podr\u00e1 visualizar los elementos del Site e incluso imprimirlos, copiarlos y almacenarlos en el disco duro de su ordenador o en cualquier otro soporte f\u00edsico siempre y cuando sea, \u00fanica y exclusivamente, para su uso personal y privado. El USUARIO deber\u00e1 abstenerse de suprimir, alterar, eludir o manipular cualquier dispositivo de protecci\u00f3n o sistema de seguridad que estuviera instalado en el las p\u00e1ginas de ARECO.<\/p>\n<p><strong>6) EXCLUSI\u00d3N DE GARANT\u00cdAS Y RESPONSABILIDAD:<\/strong> ARECO no se hace responsable, en ning\u00fan caso, de los da\u00f1os y perjuicios de cualquier naturaleza que pudieran ocasionar, a t\u00edtulo enunciativo: errores u omisiones en los contenidos, falta de disponibilidad del portal o la transmisi\u00f3n de virus o programas maliciosos o lesivos en los contenidos, a pesar de haber adoptado todas las medidas tecnol\u00f3gicas necesarias para evitarlo.<\/p>\n<p><strong>7) MODIFICACIONES:<\/strong> ARECO se reserva el derecho de efectuar sin previo aviso las modificaciones que considere oportunas en su Site, pudiendo cambiar, suprimir o a\u00f1adir tanto los contenidos y servicios que se presten a trav\u00e9s de la misma como la forma en la que \u00e9stos aparezcan presentados o localizados en su Site.<\/p>\n<p><strong>8) EMPLEO DE COOKIES:<\/strong> ARECO podr\u00e1 utilizar cookies para personalizar y facilitar al m\u00e1ximo la navegaci\u00f3n del USUARIO por su Site. Las cookies se asocian \u00fanicamente a un USUARIO an\u00f3nimo y su ordenador y no proporcionan referencias que permitan deducir datos personales del USUARIO. El USUARIO podr\u00e1 configurar su navegador para que notifique y rechace la instalaci\u00f3n de las cookies enviadas por ARECO, sin que ello perjudique la posibilidad del USUARIO de acceder a los Contenidos.<\/p>\n<p><strong>9) ENLACES:<\/strong> En el caso de que en el Site se dispusiesen enlaces o hiperv\u00ednculos hac\u00eda otros sitios de Internet, ARECO no ejercer\u00e1 ning\u00fan tipo de control sobre dichos sitios y contenidos. En ning\u00fan caso ARECO asumir\u00e1 responsabilidad alguna por los contenidos de alg\u00fan enlace perteneciente a un sitio web ajeno, ni garantizar\u00e1 la disponibilidad t\u00e9cnica, calidad, fiabilidad, exactitud, amplitud, veracidad, validez y constitucionalidad de cualquier material o informaci\u00f3n contenida en ninguno de dichos hiperv\u00ednculos u otros sitios de Internet. Igualmente la inclusi\u00f3n de estas conexiones externas no implicar\u00e1 ning\u00fan tipo de asociaci\u00f3n, fusi\u00f3n o participaci\u00f3n con las entidades conectadas, salvo en lo concerniente a los asociados de ARECO cuya relaci\u00f3n con ARECO viene establecida en los estatutos de la asociaci\u00f3n.<\/p>\n<p><strong>10) DERECHO DE EXCLUSI\u00d3N:<\/strong> ARECO se reserva el derecho a denegar o retirar el acceso a su Site y\/o los servicios ofrecidos sin necesidad de preaviso, a instancia propia o de un tercero, a aquellos usuarios que incumplan las presentes Condiciones Generales de Uso.<\/p>\n<p><strong>11) GENERALIDADES:<\/strong> ARECO perseguir\u00e1 el incumplimiento de las presentes condiciones as\u00ed como cualquier utilizaci\u00f3n indebida de su Site ejerciendo todas las acciones civiles y penales que le puedan corresponder en derecho.<\/p>\n<p><strong>12) MODIFICACI\u00d3N DE LAS PRESENTES CONDICIONES Y DURACI\u00d3N:<\/strong> ARECO podr\u00e1 modificar en cualquier momento las condiciones aqu\u00ed determinadas, siendo debidamente publicadas como aqu\u00ed aparecen. La vigencia de las citadas condiciones ir\u00e1 en funci\u00f3n de su exposici\u00f3n y estar\u00e1n vigentes hasta que sean modificadas por otras debidamente publicadas.<\/p>\n<p><strong>13) LEGISLACI\u00d3N APLICABLE Y JURISDICCI\u00d3N:<\/strong> La relaci\u00f3n entre ARECO y el USUARIO se regir\u00e1 por la normativa espa\u00f1ola vigente y cualquier controversia se someter\u00e1 a los Juzgados y tribunales de la ciudad de Valencia.<\/p>\n<p><strong>POL\u00cdTICA DE PRIVACIDAD<\/strong><\/p>\n<p><strong>Protecci\u00f3n de Datos<\/strong><\/p>\n<p>1. ARECO, con domicilio en Avda. Pa\u00eds Valenciano, 55, 3, 6, 46900 Torrent (Valencia), con n\u00famero de C.I.F: G98266729, como titular a todos los efectos de la presente p\u00e1gina web www.areco.org.es y responsable de los ficheros automatizados derivados de la misma, garantiza el \u00edntegro y pleno cumplimiento de las obligaciones dispuestas por la Ley Org\u00e1nica 15\/1999, de 13 de diciembre, de Protecci\u00f3n de Datos Personales, as\u00ed como las dispuestas en su Reglamento de desarrollo, aprobado por el Real Decreto 1720\/2007 de 21 de diciembre (en adelante, LOPD y RLOPD) y dem\u00e1s normativa aplicable.<\/p>\n<p>2. Esta declaraci\u00f3n tiene como finalidad informar a los usuarios de la pol\u00edtica de protecci\u00f3n de datos personales seguida por ARECO. Ser\u00e1 aplicable en caso de que los usuarios decidan rellenar alg\u00fan formulario de ARECO donde se recaben datos de car\u00e1cter personal, sin perjuicio de lo indicado en la Cl\u00e1usula de Privacidad aplicable a cada formulario concreto.<\/p>\n<p>3. ARECO puede modificar esta Pol\u00edtica de Privacidad en funci\u00f3n de exigencias legislativas o de autorregulaci\u00f3n, por ello se aconseja a los usuarios que la visiten peri\u00f3dicamente.<\/p>\n<p>4. ARECO tiene plena conciencia del uso y tratamiento que se debe dar a los datos personales que se puedan requerir o que se puedan obtener de los usuarios en sus p\u00e1ginas web con el fin de gestionar los servicios ofrecidos o para remitirles comunicaciones comerciales de productos o servicios que puedan resultar de su inter\u00e9s.<\/p>\n<p>5. ARECO adoptar\u00e1 las medidas de \u00edndole t\u00e9cnica y organizativa necesarias que garanticen la seguridad de los datos de car\u00e1cter personal y eviten as\u00ed su alteraci\u00f3n, p\u00e9rdida, tratamiento o acceso no autorizado, habida cuenta del estado de la tecnolog\u00eda de acuerdo con lo establecido por el RLOPD. Sin embargo, ARECO no puede garantizar la absoluta inexpugnabilidad de la red Internet y por tanto la violaci\u00f3n de los datos mediante accesos fraudulentos a ellos por parte de terceros.<\/p>\n<p>6. Los usuarios responder\u00e1n, en cualquier caso, de la veracidad de los datos facilitados y se hacen responsables de comunicar a ARECO cualquier modificaci\u00f3n en los mismos, quedando ARECO exenta de cualquier tipo de responsabilidad a este respecto.<\/p>\n<p>7. Los usuarios tienen reconocidos y podr\u00e1n ejercitar los derechos de acceso, cancelaci\u00f3n, rectificaci\u00f3n y oposici\u00f3n, mediante comunicaci\u00f3n escrita a las direcciones indicadas en cada caso o a la direcci\u00f3n indicada en el punto 1, identific\u00e1ndose y concretando su solicitud. En su caso, deber\u00e1n aportar fotocopia del DNI o documento equivalente.<\/p>\n<p>8. ARECO, en virtud de la Ley 34\/2002, de 11 de julio, de Servicios de la Sociedad de la Informaci\u00f3n y de Comercio Electr\u00f3nico, en ning\u00fan caso remitir\u00e1 publicidad y comunicaciones a los usuarios sin que medie su previa solicitud o consentimiento. Asimismo tampoco remitir\u00e1 mensajes no solicitados ni consentidos previamente ni enviar\u00e1 cadenas de mensajes electr\u00f3nicos no solicitados ni previamente consentidos.<\/p>\n<p>9. ARECO informa a los usuarios que, en caso de haber solicitado el env\u00edo de mensajes publicitarios o meramente informativos o divulgativos, o alertas podr\u00e1n darse de baja de este tipo de comunicaciones siguiendo las instrucciones indicadas en cada caso o comunic\u00e1ndolo por escrito a trav\u00e9s del formulario de contacto de la p\u00e1gina web.<\/p>\n<\/div>\n<p>[\/vc_column_text][\/vc_column][\/vc_row]<\/p>\n<\/section>","protected":false},"excerpt":{"rendered":"<p>[vc_row][vc_column][vc_row_inner][vc_column_inner][vc_column_text] Pol\u00edtica de privacidad [\/vc_column_text][vc_empty_space hide_on_mobile=&#8221;&#8221;][\/vc_column_inner][\/vc_row_inner][vc_column_text] 1) DATOS IDENTIFICATIVOS: En cumplimiento con el deber de informaci\u00f3n recogido en art\u00edculo 10 de la Ley 34\/2002, de 11 de julio, de Servicios de la Sociedad de la Informaci\u00f3n y del Comercio Electr\u00f3nico, a continuaci\u00f3n se reflejan los siguientes datos: La entidad titular de areco.org.es (en adelante, el Site) es ASOCIACI\u00d3N DEOPERADORES LOG\u00cdSTICOS&hellip;<\/p>\n","protected":false},"author":1,"featured_media":0,"parent":0,"menu_order":0,"comment_status":"closed","ping_status":"closed","template":"","meta":{"footnotes":""},"class_list":["post-1727","page","type-page","status-publish","hentry"],"yoast_head":"<!-- This site is optimized with the Yoast SEO plugin v26.7 - https:\/\/yoast.com\/wordpress\/plugins\/seo\/ -->\n<title>Privacy Policy - ARECO<\/title>\n<meta name=\"robots\" content=\"index, follow, max-snippet:-1, max-image-preview:large, max-video-preview:-1\" \/>\n<link rel=\"canonical\" href=\"https:\/\/areco.org.es\/en\/privacy-policy\/\" \/>\n<meta property=\"og:locale\" content=\"en_US\" \/>\n<meta property=\"og:type\" content=\"article\" \/>\n<meta property=\"og:title\" content=\"Privacy Policy - ARECO\" \/>\n<meta property=\"og:description\" content=\"[vc_row][vc_column][vc_row_inner][vc_column_inner][vc_column_text] Pol\u00edtica de privacidad [\/vc_column_text][vc_empty_space hide_on_mobile=&#8221;&#8221;][\/vc_column_inner][\/vc_row_inner][vc_column_text] 1) DATOS IDENTIFICATIVOS: En cumplimiento con el deber de informaci\u00f3n recogido en art\u00edculo 10 de la Ley 34\/2002, de 11 de julio, de Servicios de la Sociedad de la Informaci\u00f3n y del Comercio Electr\u00f3nico, a continuaci\u00f3n se reflejan los siguientes datos: La entidad titular de areco.org.es (en adelante, el Site) es ASOCIACI\u00d3N DEOPERADORES LOG\u00cdSTICOS&hellip;\" \/>\n<meta property=\"og:url\" content=\"https:\/\/areco.org.es\/en\/privacy-policy\/\" \/>\n<meta property=\"og:site_name\" content=\"ARECO\" \/>\n<meta property=\"article:modified_time\" content=\"2021-03-16T17:04:08+00:00\" \/>\n<meta name=\"twitter:card\" content=\"summary_large_image\" \/>\n<meta name=\"twitter:label1\" content=\"Est. reading time\" \/>\n\t<meta name=\"twitter:data1\" content=\"10 minutes\" \/>\n<script type=\"application\/ld+json\" class=\"yoast-schema-graph\">{\"@context\":\"https:\/\/schema.org\",\"@graph\":[{\"@type\":\"WebPage\",\"@id\":\"https:\/\/areco.org.es\/en\/privacy-policy\/\",\"url\":\"https:\/\/areco.org.es\/en\/privacy-policy\/\",\"name\":\"Privacy Policy - ARECO\",\"isPartOf\":{\"@id\":\"https:\/\/areco.org.es\/#website\"},\"datePublished\":\"2019-01-30T16:32:58+00:00\",\"dateModified\":\"2021-03-16T17:04:08+00:00\",\"breadcrumb\":{\"@id\":\"https:\/\/areco.org.es\/en\/privacy-policy\/#breadcrumb\"},\"inLanguage\":\"en-US\",\"potentialAction\":[{\"@type\":\"ReadAction\",\"target\":[\"https:\/\/areco.org.es\/en\/privacy-policy\/\"]}]},{\"@type\":\"BreadcrumbList\",\"@id\":\"https:\/\/areco.org.es\/en\/privacy-policy\/#breadcrumb\",\"itemListElement\":[{\"@type\":\"ListItem\",\"position\":1,\"name\":\"Portada\",\"item\":\"https:\/\/areco.org.es\/en\/\"},{\"@type\":\"ListItem\",\"position\":2,\"name\":\"Privacy Policy\"}]},{\"@type\":\"WebSite\",\"@id\":\"https:\/\/areco.org.es\/#website\",\"url\":\"https:\/\/areco.org.es\/\",\"name\":\"ARECO\",\"description\":\"Envases reutilizables\",\"publisher\":{\"@id\":\"https:\/\/areco.org.es\/#organization\"},\"potentialAction\":[{\"@type\":\"SearchAction\",\"target\":{\"@type\":\"EntryPoint\",\"urlTemplate\":\"https:\/\/areco.org.es\/?s={search_term_string}\"},\"query-input\":{\"@type\":\"PropertyValueSpecification\",\"valueRequired\":true,\"valueName\":\"search_term_string\"}}],\"inLanguage\":\"en-US\"},{\"@type\":\"Organization\",\"@id\":\"https:\/\/areco.org.es\/#organization\",\"name\":\"Areco\",\"url\":\"https:\/\/areco.org.es\/\",\"logo\":{\"@type\":\"ImageObject\",\"inLanguage\":\"en-US\",\"@id\":\"https:\/\/areco.org.es\/#\/schema\/logo\/image\/\",\"url\":\"https:\/\/areco.org.es\/wp-content\/uploads\/2021\/02\/LOGO-DEF-VECTORIAL1-1.png\",\"contentUrl\":\"https:\/\/areco.org.es\/wp-content\/uploads\/2021\/02\/LOGO-DEF-VECTORIAL1-1.png\",\"width\":432,\"height\":134,\"caption\":\"Areco\"},\"image\":{\"@id\":\"https:\/\/areco.org.es\/#\/schema\/logo\/image\/\"},\"sameAs\":[\"https:\/\/www.linkedin.com\/company\/areco-envases-reutilizables\"]}]}<\/script>\n<!-- \/ Yoast SEO plugin. -->","yoast_head_json":{"title":"Privacy Policy - ARECO","robots":{"index":"index","follow":"follow","max-snippet":"max-snippet:-1","max-image-preview":"max-image-preview:large","max-video-preview":"max-video-preview:-1"},"canonical":"https:\/\/areco.org.es\/en\/privacy-policy\/","og_locale":"en_US","og_type":"article","og_title":"Privacy Policy - ARECO","og_description":"[vc_row][vc_column][vc_row_inner][vc_column_inner][vc_column_text] Pol\u00edtica de privacidad [\/vc_column_text][vc_empty_space hide_on_mobile=&#8221;&#8221;][\/vc_column_inner][\/vc_row_inner][vc_column_text] 1) DATOS IDENTIFICATIVOS: En cumplimiento con el deber de informaci\u00f3n recogido en art\u00edculo 10 de la Ley 34\/2002, de 11 de julio, de Servicios de la Sociedad de la Informaci\u00f3n y del Comercio Electr\u00f3nico, a continuaci\u00f3n se reflejan los siguientes datos: La entidad titular de areco.org.es (en adelante, el Site) es ASOCIACI\u00d3N DEOPERADORES LOG\u00cdSTICOS&hellip;","og_url":"https:\/\/areco.org.es\/en\/privacy-policy\/","og_site_name":"ARECO","article_modified_time":"2021-03-16T17:04:08+00:00","twitter_card":"summary_large_image","twitter_misc":{"Est. reading time":"10 minutes"},"schema":{"@context":"https:\/\/schema.org","@graph":[{"@type":"WebPage","@id":"https:\/\/areco.org.es\/en\/privacy-policy\/","url":"https:\/\/areco.org.es\/en\/privacy-policy\/","name":"Privacy Policy - ARECO","isPartOf":{"@id":"https:\/\/areco.org.es\/#website"},"datePublished":"2019-01-30T16:32:58+00:00","dateModified":"2021-03-16T17:04:08+00:00","breadcrumb":{"@id":"https:\/\/areco.org.es\/en\/privacy-policy\/#breadcrumb"},"inLanguage":"en-US","potentialAction":[{"@type":"ReadAction","target":["https:\/\/areco.org.es\/en\/privacy-policy\/"]}]},{"@type":"BreadcrumbList","@id":"https:\/\/areco.org.es\/en\/privacy-policy\/#breadcrumb","itemListElement":[{"@type":"ListItem","position":1,"name":"Portada","item":"https:\/\/areco.org.es\/en\/"},{"@type":"ListItem","position":2,"name":"Privacy Policy"}]},{"@type":"WebSite","@id":"https:\/\/areco.org.es\/#website","url":"https:\/\/areco.org.es\/","name":"ARECO","description":"Envases reutilizables","publisher":{"@id":"https:\/\/areco.org.es\/#organization"},"potentialAction":[{"@type":"SearchAction","target":{"@type":"EntryPoint","urlTemplate":"https:\/\/areco.org.es\/?s={search_term_string}"},"query-input":{"@type":"PropertyValueSpecification","valueRequired":true,"valueName":"search_term_string"}}],"inLanguage":"en-US"},{"@type":"Organization","@id":"https:\/\/areco.org.es\/#organization","name":"Areco","url":"https:\/\/areco.org.es\/","logo":{"@type":"ImageObject","inLanguage":"en-US","@id":"https:\/\/areco.org.es\/#\/schema\/logo\/image\/","url":"https:\/\/areco.org.es\/wp-content\/uploads\/2021\/02\/LOGO-DEF-VECTORIAL1-1.png","contentUrl":"https:\/\/areco.org.es\/wp-content\/uploads\/2021\/02\/LOGO-DEF-VECTORIAL1-1.png","width":432,"height":134,"caption":"Areco"},"image":{"@id":"https:\/\/areco.org.es\/#\/schema\/logo\/image\/"},"sameAs":["https:\/\/www.linkedin.com\/company\/areco-envases-reutilizables"]}]}},"_links":{"self":[{"href":"https:\/\/areco.org.es\/en\/wp-json\/wp\/v2\/pages\/1727","targetHints":{"allow":["GET"]}}],"collection":[{"href":"https:\/\/areco.org.es\/en\/wp-json\/wp\/v2\/pages"}],"about":[{"href":"https:\/\/areco.org.es\/en\/wp-json\/wp\/v2\/types\/page"}],"author":[{"embeddable":true,"href":"https:\/\/areco.org.es\/en\/wp-json\/wp\/v2\/users\/1"}],"replies":[{"embeddable":true,"href":"https:\/\/areco.org.es\/en\/wp-json\/wp\/v2\/comments?post=1727"}],"version-history":[{"count":2,"href":"https:\/\/areco.org.es\/en\/wp-json\/wp\/v2\/pages\/1727\/revisions"}],"predecessor-version":[{"id":1729,"href":"https:\/\/areco.org.es\/en\/wp-json\/wp\/v2\/pages\/1727\/revisions\/1729"}],"wp:attachment":[{"href":"https:\/\/areco.org.es\/en\/wp-json\/wp\/v2\/media?parent=1727"}],"curies":[{"name":"wp","href":"https:\/\/api.w.org\/{rel}","templated":true}]}}